{"id":117,"date":"2021-04-21T15:40:11","date_gmt":"2021-04-21T13:40:11","guid":{"rendered":"https:\/\/djedmounka-yoga.com\/?page_id=117"},"modified":"2022-09-04T02:12:37","modified_gmt":"2022-09-04T00:12:37","slug":"le-yoga-des-pharaons-2","status":"publish","type":"page","link":"https:\/\/djedmounka-yoga.com\/index.php\/le-yoga-des-pharaons-2\/","title":{"rendered":"Le yoga des pharaons"},"content":{"rendered":"\t\t<div data-elementor-type=\"wp-page\" data-elementor-id=\"117\" class=\"elementor elementor-117\">\n\t\t\t\t\t\t<section class=\"elementor-section elementor-top-section elementor-element elementor-element-18e6215 elementor-section-boxed elementor-section-height-default elementor-section-height-default\" data-id=\"18e6215\" data-element_type=\"section\">\n\t\t\t\t\t\t<div class=\"elementor-container elementor-column-gap-wider\">\n\t\t\t\t\t<div class=\"elementor-column elementor-col-50 elementor-top-column elementor-element elementor-element-88428ab\" data-id=\"88428ab\" data-element_type=\"column\">\n\t\t\t<div class=\"elementor-widget-wrap elementor-element-populated\">\n\t\t\t\t\t\t<div class=\"elementor-element elementor-element-3cd0813 elementor-widget elementor-widget-text-editor\" data-id=\"3cd0813\" data-element_type=\"widget\" data-widget_type=\"text-editor.default\">\n\t\t\t\t<div class=\"elementor-widget-container\">\n\t\t\t\t\t\t\t<h4><span style=\"color: #00ccff;\"><u>Qu&rsquo;est ce que le yoga \u00e9gyptien ?<\/u><\/span><\/h4><p>Cette discipline yogique aussi\u00a0 nomm\u00e9e\u00a0 yoga de la verticalit\u00e9\u00a0 a \u00e9t\u00e9 remis en lumi\u00e8re vers 1960 par le grand yogi Babacar Khane.\u00a0<\/p><p>Cette pratique qui allie le hatha yoga, le kung fu et des postures pharaoniques fait travailler l\u2019axe vert\u00e9bral, le souffle et l\u2019appareil locomoteur.<\/p><p>Le yoga \u00e9gyptien n\u2019exige aucune souplesse particuli\u00e8re, il est accessible \u00e0 tous et demande juste \u00e0 \u00eatre pr\u00e9sent dans chaque posture et d\u2019\u00eatre aussi \u00e0 l\u2019\u00e9coute de son corps<\/p>\t\t\t\t\t\t<\/div>\n\t\t\t\t<\/div>\n\t\t\t\t\t<\/div>\n\t\t<\/div>\n\t\t\t\t<div class=\"elementor-column elementor-col-50 elementor-top-column elementor-element elementor-element-c329acb\" data-id=\"c329acb\" data-element_type=\"column\">\n\t\t\t<div class=\"elementor-widget-wrap elementor-element-populated\">\n\t\t\t\t\t\t<div class=\"elementor-element elementor-element-c38e191 elementor-widget elementor-widget-image\" data-id=\"c38e191\" data-element_type=\"widget\" data-widget_type=\"image.default\">\n\t\t\t\t<div class=\"elementor-widget-container\">\n\t\t\t\t\t\t\t\t\t\t\t\t\t<img fetchpriority=\"high\" decoding=\"async\" width=\"760\" height=\"537\" src=\"https:\/\/djedmounka-yoga.com\/wp-content\/uploads\/2021\/05\/egyptian-1822015_1920-1024x724.jpg\" class=\"attachment-large size-large wp-image-302\" alt=\"\" srcset=\"https:\/\/djedmounka-yoga.com\/wp-content\/uploads\/2021\/05\/egyptian-1822015_1920-1024x724.jpg 1024w, https:\/\/djedmounka-yoga.com\/wp-content\/uploads\/2021\/05\/egyptian-1822015_1920-300x212.jpg 300w, https:\/\/djedmounka-yoga.com\/wp-content\/uploads\/2021\/05\/egyptian-1822015_1920-768x543.jpg 768w, https:\/\/djedmounka-yoga.com\/wp-content\/uploads\/2021\/05\/egyptian-1822015_1920-1536x1086.jpg 1536w, https:\/\/djedmounka-yoga.com\/wp-content\/uploads\/2021\/05\/egyptian-1822015_1920-359x254.jpg 359w, https:\/\/djedmounka-yoga.com\/wp-content\/uploads\/2021\/05\/egyptian-1822015_1920.jpg 1920w\" sizes=\"(max-width: 760px) 100vw, 760px\" \/>\t\t\t\t\t\t\t\t\t\t\t\t\t<\/div>\n\t\t\t\t<\/div>\n\t\t\t\t\t<\/div>\n\t\t<\/div>\n\t\t\t\t\t<\/div>\n\t\t<\/section>\n\t\t\t\t<section class=\"elementor-section elementor-top-section elementor-element elementor-element-722f3cb elementor-section-boxed elementor-section-height-default elementor-section-height-default\" data-id=\"722f3cb\" data-element_type=\"section\">\n\t\t\t\t\t\t<div class=\"elementor-container elementor-column-gap-default\">\n\t\t\t\t\t<div class=\"elementor-column elementor-col-100 elementor-top-column elementor-element elementor-element-c923ec3\" data-id=\"c923ec3\" data-element_type=\"column\">\n\t\t\t<div class=\"elementor-widget-wrap elementor-element-populated\">\n\t\t\t\t\t\t<div class=\"elementor-element elementor-element-71daf9d elementor-widget elementor-widget-text-editor\" data-id=\"71daf9d\" data-element_type=\"widget\" data-widget_type=\"text-editor.default\">\n\t\t\t\t<div class=\"elementor-widget-container\">\n\t\t\t\t\t\t\t<h4><span style=\"color: #00ccff;\"><strong><u>Bienfaits du yoga<\/u><\/strong><\/span><\/h4><p>Ce style \u00e9gyptien se r\u00e9v\u00e8le efficace pour r\u00e9\u00e9duquer le dos et pour revitaliser l\u2019organisme.<\/p><p>Sa pratique r\u00e9guli\u00e8re favorise la circulation de l\u2019\u00e9nergie dans le corps et nous m\u00e8ne \u00e0 d\u00e9velopper notre souffle.<\/p><p>Il apporte \u00e9galement souplesse, tonicit\u00e9, \u00e9quilibre, concentration et maitrise de soi qui tend vers une meilleure gestion du stress.<\/p><p>Le yoga nous conduit vers un \u00e9veil spirituel qui nourrit notre humanit\u00e9 et fortifie nos racines &#8211; c\u2019est l\u2019union du corps et de l\u2019esprit.<\/p>\t\t\t\t\t\t<\/div>\n\t\t\t\t<\/div>\n\t\t\t\t\t<\/div>\n\t\t<\/div>\n\t\t\t\t\t<\/div>\n\t\t<\/section>\n\t\t\t\t<section class=\"elementor-section elementor-top-section elementor-element elementor-element-64c2670 elementor-section-boxed elementor-section-height-default elementor-section-height-default\" data-id=\"64c2670\" data-element_type=\"section\">\n\t\t\t\t\t\t<div class=\"elementor-container elementor-column-gap-default\">\n\t\t\t\t\t<div class=\"elementor-column elementor-col-50 elementor-top-column elementor-element elementor-element-8895459\" data-id=\"8895459\" data-element_type=\"column\">\n\t\t\t<div class=\"elementor-widget-wrap elementor-element-populated\">\n\t\t\t\t\t\t<div class=\"elementor-element elementor-element-17a1283 elementor-widget elementor-widget-text-editor\" data-id=\"17a1283\" data-element_type=\"widget\" data-widget_type=\"text-editor.default\">\n\t\t\t\t<div class=\"elementor-widget-container\">\n\t\t\t\t\t\t\t<h4><span style=\"text-decoration: underline; color: #00ccff;\"><strong>Le yoga de la verticalit\u00e9<\/strong><\/span><\/h4><p>La colonne vert\u00e9brale est le pilier central de l&rsquo;\u00eatre humain.\u00a0<\/p><p>C\u2019est au travers d\u2019elle que circulent les principaux courants \u00e9nerg\u00e9tiques qui innervent\u00a0 notre corps. Toute alt\u00e9ration de cet arbre vert\u00e9bral perturbe la bonne circulation de l&rsquo;\u00e9nergie vitale dont l&rsquo;organisme a besoin. Les \u00e9gyptiens, pr\u00e9curseurs dans la connaissance du corpos humain\u00a0 associaient d\u00e9j\u00e0\u00a0 les troubles\u00a0 \u00e9nerg\u00e9tiques \u00e0 l\u2019\u00e9mergence des diff\u00e9rentes\u00a0 pathologies de l&rsquo;homme.<\/p>\t\t\t\t\t\t<\/div>\n\t\t\t\t<\/div>\n\t\t\t\t\t<\/div>\n\t\t<\/div>\n\t\t\t\t<div class=\"elementor-column elementor-col-50 elementor-top-column elementor-element elementor-element-09ba19c\" data-id=\"09ba19c\" data-element_type=\"column\">\n\t\t\t<div class=\"elementor-widget-wrap elementor-element-populated\">\n\t\t\t\t\t\t<div class=\"elementor-element elementor-element-1ee0780 elementor-widget elementor-widget-image\" data-id=\"1ee0780\" data-element_type=\"widget\" data-widget_type=\"image.default\">\n\t\t\t\t<div class=\"elementor-widget-container\">\n\t\t\t\t\t\t\t\t\t\t\t\t\t<img decoding=\"async\" width=\"170\" height=\"300\" src=\"https:\/\/djedmounka-yoga.com\/wp-content\/uploads\/2022\/08\/PHOTO-MARCHE-EGYPTIENNE-POSTURE-DU-KA-170x300.jpg\" class=\"attachment-medium size-medium wp-image-2918\" alt=\"\" srcset=\"https:\/\/djedmounka-yoga.com\/wp-content\/uploads\/2022\/08\/PHOTO-MARCHE-EGYPTIENNE-POSTURE-DU-KA-170x300.jpg 170w, https:\/\/djedmounka-yoga.com\/wp-content\/uploads\/2022\/08\/PHOTO-MARCHE-EGYPTIENNE-POSTURE-DU-KA-581x1024.jpg 581w, https:\/\/djedmounka-yoga.com\/wp-content\/uploads\/2022\/08\/PHOTO-MARCHE-EGYPTIENNE-POSTURE-DU-KA-768x1354.jpg 768w, https:\/\/djedmounka-yoga.com\/wp-content\/uploads\/2022\/08\/PHOTO-MARCHE-EGYPTIENNE-POSTURE-DU-KA-871x1536.jpg 871w, https:\/\/djedmounka-yoga.com\/wp-content\/uploads\/2022\/08\/PHOTO-MARCHE-EGYPTIENNE-POSTURE-DU-KA-1162x2048.jpg 1162w, https:\/\/djedmounka-yoga.com\/wp-content\/uploads\/2022\/08\/PHOTO-MARCHE-EGYPTIENNE-POSTURE-DU-KA-scaled.jpg 1452w\" sizes=\"(max-width: 170px) 100vw, 170px\" \/>\t\t\t\t\t\t\t\t\t\t\t\t\t<\/div>\n\t\t\t\t<\/div>\n\t\t\t\t\t<\/div>\n\t\t<\/div>\n\t\t\t\t\t<\/div>\n\t\t<\/section>\n\t\t\t\t<section class=\"elementor-section elementor-top-section elementor-element elementor-element-25b04ac elementor-section-boxed elementor-section-height-default elementor-section-height-default\" data-id=\"25b04ac\" data-element_type=\"section\">\n\t\t\t\t\t\t<div class=\"elementor-container elementor-column-gap-default\">\n\t\t\t\t\t<div class=\"elementor-column elementor-col-50 elementor-top-column elementor-element elementor-element-cf87956\" data-id=\"cf87956\" data-element_type=\"column\">\n\t\t\t<div class=\"elementor-widget-wrap elementor-element-populated\">\n\t\t\t\t\t\t<div class=\"elementor-element elementor-element-1f1a410 elementor-widget elementor-widget-image\" data-id=\"1f1a410\" data-element_type=\"widget\" data-widget_type=\"image.default\">\n\t\t\t\t<div class=\"elementor-widget-container\">\n\t\t\t\t\t\t\t\t\t\t\t\t\t<img decoding=\"async\" width=\"760\" height=\"988\" src=\"https:\/\/djedmounka-yoga.com\/wp-content\/uploads\/2021\/05\/PHOTO-5-1-788x1024.jpg\" class=\"attachment-large size-large wp-image-1349\" alt=\"\" srcset=\"https:\/\/djedmounka-yoga.com\/wp-content\/uploads\/2021\/05\/PHOTO-5-1-788x1024.jpg 788w, https:\/\/djedmounka-yoga.com\/wp-content\/uploads\/2021\/05\/PHOTO-5-1-231x300.jpg 231w, https:\/\/djedmounka-yoga.com\/wp-content\/uploads\/2021\/05\/PHOTO-5-1-768x998.jpg 768w, https:\/\/djedmounka-yoga.com\/wp-content\/uploads\/2021\/05\/PHOTO-5-1-1182x1536.jpg 1182w, https:\/\/djedmounka-yoga.com\/wp-content\/uploads\/2021\/05\/PHOTO-5-1.jpg 1200w\" sizes=\"(max-width: 760px) 100vw, 760px\" \/>\t\t\t\t\t\t\t\t\t\t\t\t\t<\/div>\n\t\t\t\t<\/div>\n\t\t\t\t\t<\/div>\n\t\t<\/div>\n\t\t\t\t<div class=\"elementor-column elementor-col-50 elementor-top-column elementor-element elementor-element-2de6e58\" data-id=\"2de6e58\" data-element_type=\"column\">\n\t\t\t<div class=\"elementor-widget-wrap elementor-element-populated\">\n\t\t\t\t\t\t<div class=\"elementor-element elementor-element-e44b002 elementor-widget elementor-widget-text-editor\" data-id=\"e44b002\" data-element_type=\"widget\" data-widget_type=\"text-editor.default\">\n\t\t\t\t<div class=\"elementor-widget-container\">\n\t\t\t\t\t\t\t<h4><span style=\"text-decoration: underline; color: #00ccff;\"><strong>Les bienfaits du yoga pour les enfants<\/strong><\/span><\/h4><p>Le yoga pr\u00e9sent\u00e9 comme une discipline ludique \u00e0 l&rsquo;enfant est riche en exp\u00e9riences et en apprentissages.<\/p><p>Cette discipline yogique\u00a0 offre de multiples bienfaits aux\u00a0 enfants; D&rsquo;une part la conscience\u00a0 progressive de son sch\u00e9ma corporel et la confiance en soi. D&rsquo;autre part elle l&rsquo;aide\u00a0 \u00e0\u00a0 d\u00e9velopper sa concentration et \u00e0 g\u00e9rer ses \u00e9motion.<\/p>\t\t\t\t\t\t<\/div>\n\t\t\t\t<\/div>\n\t\t\t\t\t<\/div>\n\t\t<\/div>\n\t\t\t\t\t<\/div>\n\t\t<\/section>\n\t\t\t\t<section class=\"elementor-section elementor-top-section elementor-element elementor-element-7dfa4ab elementor-section-boxed elementor-section-height-default elementor-section-height-default\" data-id=\"7dfa4ab\" data-element_type=\"section\">\n\t\t\t\t\t\t<div class=\"elementor-container elementor-column-gap-default\">\n\t\t\t\t\t<div class=\"elementor-column elementor-col-50 elementor-top-column elementor-element elementor-element-3587aa1\" data-id=\"3587aa1\" data-element_type=\"column\">\n\t\t\t<div class=\"elementor-widget-wrap elementor-element-populated\">\n\t\t\t\t\t\t<div class=\"elementor-element elementor-element-b945b7b elementor-widget elementor-widget-text-editor\" data-id=\"b945b7b\" data-element_type=\"widget\" data-widget_type=\"text-editor.default\">\n\t\t\t\t<div class=\"elementor-widget-container\">\n\t\t\t\t\t\t\t<h4><span style=\"color: #00ccff;\"><strong><span style=\"text-decoration: underline;\">Les bienfaits du yoga au travail<\/span><\/strong><\/span><\/h4>\t\t\t\t\t\t<\/div>\n\t\t\t\t<\/div>\n\t\t\t\t<div class=\"elementor-element elementor-element-e4a86f5 elementor-widget elementor-widget-text-editor\" data-id=\"e4a86f5\" data-element_type=\"widget\" data-widget_type=\"text-editor.default\">\n\t\t\t\t<div class=\"elementor-widget-container\">\n\t\t\t\t\t\t\t<p>La pratique du yoga au travail c\u2019est le besoin de partager ensemble de nouvelles exp\u00e9riences, c\u2019est l\u2019envie d\u2019\u00eatre et de se sentir bien sur le plan physique et psychique.<\/p><p>Prendre un temps pour soi,\u00a0 permet d&rsquo;\u00eatre \u00e0 l&rsquo;\u00e9coute de son corps, de d\u00e9nouer les tensions et de g\u00e9rer son stress.<\/p><p>La r\u00e9gularit\u00e9 de cette pratique au travail, tend vers un mieux-\u00eatre individuel et collectif d&rsquo;une part, et d&rsquo;autre\u00a0 elle cr\u00e9e une meilleure coh\u00e9sion d&rsquo;\u00e9quipe.<\/p>\t\t\t\t\t\t<\/div>\n\t\t\t\t<\/div>\n\t\t\t\t\t<\/div>\n\t\t<\/div>\n\t\t\t\t<div class=\"elementor-column elementor-col-50 elementor-top-column elementor-element elementor-element-7ceac06\" data-id=\"7ceac06\" data-element_type=\"column\">\n\t\t\t<div class=\"elementor-widget-wrap elementor-element-populated\">\n\t\t\t\t\t\t<div class=\"elementor-element elementor-element-1f8644d elementor-widget elementor-widget-image\" data-id=\"1f8644d\" data-element_type=\"widget\" data-widget_type=\"image.default\">\n\t\t\t\t<div class=\"elementor-widget-container\">\n\t\t\t\t\t\t\t\t\t\t\t\t\t<img loading=\"lazy\" decoding=\"async\" width=\"580\" height=\"386\" src=\"https:\/\/djedmounka-yoga.com\/wp-content\/uploads\/2021\/09\/YOGA-AU-TRAVAIL.jpg\" class=\"attachment-large size-large wp-image-2032\" alt=\"\" srcset=\"https:\/\/djedmounka-yoga.com\/wp-content\/uploads\/2021\/09\/YOGA-AU-TRAVAIL.jpg 580w, https:\/\/djedmounka-yoga.com\/wp-content\/uploads\/2021\/09\/YOGA-AU-TRAVAIL-300x200.jpg 300w, https:\/\/djedmounka-yoga.com\/wp-content\/uploads\/2021\/09\/YOGA-AU-TRAVAIL-359x239.jpg 359w\" sizes=\"(max-width: 580px) 100vw, 580px\" \/>\t\t\t\t\t\t\t\t\t\t\t\t\t<\/div>\n\t\t\t\t<\/div>\n\t\t\t\t\t<\/div>\n\t\t<\/div>\n\t\t\t\t\t<\/div>\n\t\t<\/section>\n\t\t\t\t<section class=\"elementor-section elementor-top-section elementor-element elementor-element-0bbb6ee elementor-section-boxed elementor-section-height-default elementor-section-height-default\" data-id=\"0bbb6ee\" data-element_type=\"section\">\n\t\t\t\t\t\t<div class=\"elementor-container elementor-column-gap-default\">\n\t\t\t\t\t<div class=\"elementor-column elementor-col-50 elementor-top-column elementor-element elementor-element-7561bb2\" data-id=\"7561bb2\" data-element_type=\"column\">\n\t\t\t<div class=\"elementor-widget-wrap elementor-element-populated\">\n\t\t\t\t\t\t<div class=\"elementor-element elementor-element-f1ca24e elementor-widget elementor-widget-image\" data-id=\"f1ca24e\" data-element_type=\"widget\" data-widget_type=\"image.default\">\n\t\t\t\t<div class=\"elementor-widget-container\">\n\t\t\t\t\t\t\t\t\t\t\t\t\t<img loading=\"lazy\" decoding=\"async\" width=\"640\" height=\"480\" src=\"https:\/\/djedmounka-yoga.com\/wp-content\/uploads\/2021\/05\/YOGA-SUR-CHAISE-4.jpg\" class=\"attachment-1536x1536 size-1536x1536 wp-image-2701\" alt=\"\" srcset=\"https:\/\/djedmounka-yoga.com\/wp-content\/uploads\/2021\/05\/YOGA-SUR-CHAISE-4.jpg 640w, https:\/\/djedmounka-yoga.com\/wp-content\/uploads\/2021\/05\/YOGA-SUR-CHAISE-4-300x225.jpg 300w, https:\/\/djedmounka-yoga.com\/wp-content\/uploads\/2021\/05\/YOGA-SUR-CHAISE-4-359x269.jpg 359w\" sizes=\"(max-width: 640px) 100vw, 640px\" \/>\t\t\t\t\t\t\t\t\t\t\t\t\t<\/div>\n\t\t\t\t<\/div>\n\t\t\t\t\t<\/div>\n\t\t<\/div>\n\t\t\t\t<div class=\"elementor-column elementor-col-50 elementor-top-column elementor-element elementor-element-c8206b6\" data-id=\"c8206b6\" data-element_type=\"column\">\n\t\t\t<div class=\"elementor-widget-wrap elementor-element-populated\">\n\t\t\t\t\t\t<div class=\"elementor-element elementor-element-0258e39 elementor-widget elementor-widget-text-editor\" data-id=\"0258e39\" data-element_type=\"widget\" data-widget_type=\"text-editor.default\">\n\t\t\t\t<div class=\"elementor-widget-container\">\n\t\t\t\t\t\t\t<h5><strong><span style=\"text-decoration: underline;\">Les bienfaits du\u00a0 Yoga sur chaise<\/span>\u00a0<\/strong><\/h5><h5><strong>Changer le regard sur la vieillesse et le handicap<\/strong><\/h5><p>Les bienfaits du\u00a0 yoga ne sont pas r\u00e9serv\u00e9s qu&rsquo;aux personnes jeunes et sportives. Le yoga s&rsquo;adapte\u00a0 aussi aux personnes\u00a0 fragilis\u00e9es par le grand \u00e2ge ou porteuses d&rsquo;un handicap.<\/p><p>Les asanas pratiqu\u00e9es sur une chaise\u00a0 r\u00e9duisent le niveau de difficult\u00e9 et rassurent.<\/p><p>Elles ont des actions profondes sur le\/l&rsquo; :<\/p><ul><li>D\u00e9sankylosement des articulations<\/li><li>Renforcement des tissus musculaires<\/li><li>Am\u00e9lioration de la digestion<\/li><li>Apaisement du mental par la respiration\u00a0<\/li><li>Renforcement de la confiance en soi<\/li><\/ul><div>\u00a0<\/div>\t\t\t\t\t\t<\/div>\n\t\t\t\t<\/div>\n\t\t\t\t\t<\/div>\n\t\t<\/div>\n\t\t\t\t\t<\/div>\n\t\t<\/section>\n\t\t\t\t<section class=\"elementor-section elementor-top-section elementor-element elementor-element-cd93486 elementor-section-boxed elementor-section-height-default elementor-section-height-default\" data-id=\"cd93486\" data-element_type=\"section\">\n\t\t\t\t\t\t<div class=\"elementor-container elementor-column-gap-default\">\n\t\t\t\t\t<div class=\"elementor-column elementor-col-50 elementor-top-column elementor-element elementor-element-808fe86\" data-id=\"808fe86\" data-element_type=\"column\">\n\t\t\t<div class=\"elementor-widget-wrap elementor-element-populated\">\n\t\t\t\t\t\t\t<\/div>\n\t\t<\/div>\n\t\t\t\t<div class=\"elementor-column elementor-col-50 elementor-top-column elementor-element elementor-element-e11c0d5\" data-id=\"e11c0d5\" data-element_type=\"column\">\n\t\t\t<div class=\"elementor-widget-wrap elementor-element-populated\">\n\t\t\t\t\t\t\t<\/div>\n\t\t<\/div>\n\t\t\t\t\t<\/div>\n\t\t<\/section>\n\t\t\t\t<\/div>\n\t\t","protected":false},"excerpt":{"rendered":"<p>Qu&rsquo;est ce que le yoga \u00e9gyptien ? Cette discipline yogique aussi\u00a0 nomm\u00e9e\u00a0 yoga de la verticalit\u00e9\u00a0 a \u00e9t\u00e9 remis en lumi\u00e8re vers 1960 par le grand yogi Babacar Khane.\u00a0 &hellip;<\/p>\n","protected":false},"author":1,"featured_media":0,"parent":0,"menu_order":0,"comment_status":"closed","ping_status":"closed","template":"","meta":[],"yoast_head":"<!-- This site is optimized with the Yoast SEO plugin v21.1 - https:\/\/yoast.com\/wordpress\/plugins\/seo\/ -->\n<title>Le yoga des pharaons - djedmounka yoga<\/title>\n<meta name=\"robots\" content=\"index, follow, max-snippet:-1, max-image-preview:large, max-video-preview:-1\" \/>\n<link rel=\"canonical\" href=\"https:\/\/djedmounka-yoga.com\/index.php\/le-yoga-des-pharaons-2\/\" \/>\n<meta property=\"og:locale\" content=\"fr_FR\" \/>\n<meta property=\"og:type\" content=\"article\" \/>\n<meta property=\"og:title\" content=\"Le yoga des pharaons - djedmounka yoga\" \/>\n<meta property=\"og:description\" content=\"Qu&rsquo;est ce que le yoga \u00e9gyptien ? Cette discipline yogique aussi\u00a0 nomm\u00e9e\u00a0 yoga de la verticalit\u00e9\u00a0 a \u00e9t\u00e9 remis en lumi\u00e8re vers 1960 par le grand yogi Babacar Khane.\u00a0 &hellip;\" \/>\n<meta property=\"og:url\" content=\"https:\/\/djedmounka-yoga.com\/index.php\/le-yoga-des-pharaons-2\/\" \/>\n<meta property=\"og:site_name\" content=\"djedmounka yoga\" \/>\n<meta property=\"article:modified_time\" content=\"2022-09-04T00:12:37+00:00\" \/>\n<meta property=\"og:image\" content=\"https:\/\/djedmounka-yoga.com\/wp-content\/uploads\/2021\/05\/egyptian-1822015_1920-1024x724.jpg\" \/>\n<meta name=\"twitter:card\" content=\"summary_large_image\" \/>\n<meta name=\"twitter:label1\" content=\"Dur\u00e9e de lecture estim\u00e9e\" \/>\n\t<meta name=\"twitter:data1\" content=\"3 minutes\" \/>\n<script type=\"application\/ld+json\" class=\"yoast-schema-graph\">{\"@context\":\"https:\/\/schema.org\",\"@graph\":[{\"@type\":\"WebPage\",\"@id\":\"https:\/\/djedmounka-yoga.com\/index.php\/le-yoga-des-pharaons-2\/\",\"url\":\"https:\/\/djedmounka-yoga.com\/index.php\/le-yoga-des-pharaons-2\/\",\"name\":\"Le yoga des pharaons - djedmounka yoga\",\"isPartOf\":{\"@id\":\"https:\/\/djedmounka-yoga.com\/#website\"},\"datePublished\":\"2021-04-21T13:40:11+00:00\",\"dateModified\":\"2022-09-04T00:12:37+00:00\",\"breadcrumb\":{\"@id\":\"https:\/\/djedmounka-yoga.com\/index.php\/le-yoga-des-pharaons-2\/#breadcrumb\"},\"inLanguage\":\"fr-FR\",\"potentialAction\":[{\"@type\":\"ReadAction\",\"target\":[\"https:\/\/djedmounka-yoga.com\/index.php\/le-yoga-des-pharaons-2\/\"]}]},{\"@type\":\"BreadcrumbList\",\"@id\":\"https:\/\/djedmounka-yoga.com\/index.php\/le-yoga-des-pharaons-2\/#breadcrumb\",\"itemListElement\":[{\"@type\":\"ListItem\",\"position\":1,\"name\":\"Accueil\",\"item\":\"https:\/\/djedmounka-yoga.com\/\"},{\"@type\":\"ListItem\",\"position\":2,\"name\":\"Le yoga des pharaons\"}]},{\"@type\":\"WebSite\",\"@id\":\"https:\/\/djedmounka-yoga.com\/#website\",\"url\":\"https:\/\/djedmounka-yoga.com\/\",\"name\":\"djedmounka yoga\",\"description\":\"Djedmoun Ka Yoga des Pharaons\",\"publisher\":{\"@id\":\"https:\/\/djedmounka-yoga.com\/#organization\"},\"potentialAction\":[{\"@type\":\"SearchAction\",\"target\":{\"@type\":\"EntryPoint\",\"urlTemplate\":\"https:\/\/djedmounka-yoga.com\/?s={search_term_string}\"},\"query-input\":\"required name=search_term_string\"}],\"inLanguage\":\"fr-FR\"},{\"@type\":\"Organization\",\"@id\":\"https:\/\/djedmounka-yoga.com\/#organization\",\"name\":\"djedmounka yoga\",\"url\":\"https:\/\/djedmounka-yoga.com\/\",\"logo\":{\"@type\":\"ImageObject\",\"inLanguage\":\"fr-FR\",\"@id\":\"https:\/\/djedmounka-yoga.com\/#\/schema\/logo\/image\/\",\"url\":\"https:\/\/djedmounka-yoga.com\/wp-content\/uploads\/2021\/05\/cropped-LOGO-DENFINITIF-DJEDMOUN-KA-YOGA-DES-PHARAONS-OK.png\",\"contentUrl\":\"https:\/\/djedmounka-yoga.com\/wp-content\/uploads\/2021\/05\/cropped-LOGO-DENFINITIF-DJEDMOUN-KA-YOGA-DES-PHARAONS-OK.png\",\"width\":2435,\"height\":2424,\"caption\":\"djedmounka yoga\"},\"image\":{\"@id\":\"https:\/\/djedmounka-yoga.com\/#\/schema\/logo\/image\/\"}}]}<\/script>\n<!-- \/ Yoast SEO plugin. -->","yoast_head_json":{"title":"Le yoga des pharaons - djedmounka yoga","robots":{"index":"index","follow":"follow","max-snippet":"max-snippet:-1","max-image-preview":"max-image-preview:large","max-video-preview":"max-video-preview:-1"},"canonical":"https:\/\/djedmounka-yoga.com\/index.php\/le-yoga-des-pharaons-2\/","og_locale":"fr_FR","og_type":"article","og_title":"Le yoga des pharaons - djedmounka yoga","og_description":"Qu&rsquo;est ce que le yoga \u00e9gyptien ? Cette discipline yogique aussi\u00a0 nomm\u00e9e\u00a0 yoga de la verticalit\u00e9\u00a0 a \u00e9t\u00e9 remis en lumi\u00e8re vers 1960 par le grand yogi Babacar Khane.\u00a0 &hellip;","og_url":"https:\/\/djedmounka-yoga.com\/index.php\/le-yoga-des-pharaons-2\/","og_site_name":"djedmounka yoga","article_modified_time":"2022-09-04T00:12:37+00:00","og_image":[{"url":"https:\/\/djedmounka-yoga.com\/wp-content\/uploads\/2021\/05\/egyptian-1822015_1920-1024x724.jpg"}],"twitter_card":"summary_large_image","twitter_misc":{"Dur\u00e9e de lecture estim\u00e9e":"3 minutes"},"schema":{"@context":"https:\/\/schema.org","@graph":[{"@type":"WebPage","@id":"https:\/\/djedmounka-yoga.com\/index.php\/le-yoga-des-pharaons-2\/","url":"https:\/\/djedmounka-yoga.com\/index.php\/le-yoga-des-pharaons-2\/","name":"Le yoga des pharaons - djedmounka yoga","isPartOf":{"@id":"https:\/\/djedmounka-yoga.com\/#website"},"datePublished":"2021-04-21T13:40:11+00:00","dateModified":"2022-09-04T00:12:37+00:00","breadcrumb":{"@id":"https:\/\/djedmounka-yoga.com\/index.php\/le-yoga-des-pharaons-2\/#breadcrumb"},"inLanguage":"fr-FR","potentialAction":[{"@type":"ReadAction","target":["https:\/\/djedmounka-yoga.com\/index.php\/le-yoga-des-pharaons-2\/"]}]},{"@type":"BreadcrumbList","@id":"https:\/\/djedmounka-yoga.com\/index.php\/le-yoga-des-pharaons-2\/#breadcrumb","itemListElement":[{"@type":"ListItem","position":1,"name":"Accueil","item":"https:\/\/djedmounka-yoga.com\/"},{"@type":"ListItem","position":2,"name":"Le yoga des pharaons"}]},{"@type":"WebSite","@id":"https:\/\/djedmounka-yoga.com\/#website","url":"https:\/\/djedmounka-yoga.com\/","name":"djedmounka yoga","description":"Djedmoun Ka Yoga des Pharaons","publisher":{"@id":"https:\/\/djedmounka-yoga.com\/#organization"},"potentialAction":[{"@type":"SearchAction","target":{"@type":"EntryPoint","urlTemplate":"https:\/\/djedmounka-yoga.com\/?s={search_term_string}"},"query-input":"required name=search_term_string"}],"inLanguage":"fr-FR"},{"@type":"Organization","@id":"https:\/\/djedmounka-yoga.com\/#organization","name":"djedmounka yoga","url":"https:\/\/djedmounka-yoga.com\/","logo":{"@type":"ImageObject","inLanguage":"fr-FR","@id":"https:\/\/djedmounka-yoga.com\/#\/schema\/logo\/image\/","url":"https:\/\/djedmounka-yoga.com\/wp-content\/uploads\/2021\/05\/cropped-LOGO-DENFINITIF-DJEDMOUN-KA-YOGA-DES-PHARAONS-OK.png","contentUrl":"https:\/\/djedmounka-yoga.com\/wp-content\/uploads\/2021\/05\/cropped-LOGO-DENFINITIF-DJEDMOUN-KA-YOGA-DES-PHARAONS-OK.png","width":2435,"height":2424,"caption":"djedmounka yoga"},"image":{"@id":"https:\/\/djedmounka-yoga.com\/#\/schema\/logo\/image\/"}}]}},"_links":{"self":[{"href":"https:\/\/djedmounka-yoga.com\/index.php\/wp-json\/wp\/v2\/pages\/117"}],"collection":[{"href":"https:\/\/djedmounka-yoga.com\/index.php\/wp-json\/wp\/v2\/pages"}],"about":[{"href":"https:\/\/djedmounka-yoga.com\/index.php\/wp-json\/wp\/v2\/types\/page"}],"author":[{"embeddable":true,"href":"https:\/\/djedmounka-yoga.com\/index.php\/wp-json\/wp\/v2\/users\/1"}],"replies":[{"embeddable":true,"href":"https:\/\/djedmounka-yoga.com\/index.php\/wp-json\/wp\/v2\/comments?post=117"}],"version-history":[{"count":355,"href":"https:\/\/djedmounka-yoga.com\/index.php\/wp-json\/wp\/v2\/pages\/117\/revisions"}],"predecessor-version":[{"id":3573,"href":"https:\/\/djedmounka-yoga.com\/index.php\/wp-json\/wp\/v2\/pages\/117\/revisions\/3573"}],"wp:attachment":[{"href":"https:\/\/djedmounka-yoga.com\/index.php\/wp-json\/wp\/v2\/media?parent=117"}],"curies":[{"name":"wp","href":"https:\/\/api.w.org\/{rel}","templated":true}]}}