{"id":134,"date":"2021-04-21T16:12:36","date_gmt":"2021-04-21T14:12:36","guid":{"rendered":"https:\/\/djedmounka-yoga.com\/?page_id=134"},"modified":"2024-10-19T02:17:55","modified_gmt":"2024-10-19T00:17:55","slug":"presentation","status":"publish","type":"page","link":"https:\/\/djedmounka-yoga.com\/index.php\/presentation\/","title":{"rendered":"Pr\u00e9sentation"},"content":{"rendered":"\t\t<div data-elementor-type=\"wp-page\" data-elementor-id=\"134\" class=\"elementor elementor-134\">\n\t\t\t\t\t\t<section class=\"elementor-section elementor-top-section elementor-element elementor-element-0d18b4e elementor-section-boxed elementor-section-height-default elementor-section-height-default\" data-id=\"0d18b4e\" data-element_type=\"section\">\n\t\t\t\t\t\t<div class=\"elementor-container elementor-column-gap-default\">\n\t\t\t\t\t<div class=\"elementor-column elementor-col-50 elementor-top-column elementor-element elementor-element-2357e75\" data-id=\"2357e75\" data-element_type=\"column\">\n\t\t\t<div class=\"elementor-widget-wrap elementor-element-populated\">\n\t\t\t\t\t\t<div class=\"elementor-element elementor-element-d04f925 elementor-widget elementor-widget-text-editor\" data-id=\"d04f925\" data-element_type=\"widget\" data-widget_type=\"text-editor.default\">\n\t\t\t\t<div class=\"elementor-widget-container\">\n\t\t\t\t\t\t\t<h3 style=\"text-align: left;\"><span style=\"color: #00ccff;\">Dejdmoun<\/span><span style=\"text-decoration: underline;\"><span style=\"color: #00ccff; text-decoration: underline;\"> ka Yoga des pharaons<\/span><\/span><\/h3><p><strong>Cette association r\u00e9gie par la loi 1901 a \u00e9t\u00e9 cr\u00e9\u00e9 en mars 2020 par Monique FIDOL.\u00a0<\/strong><\/p><p><strong>Pratiquante depuis 23 ans<\/strong><\/p><p><strong><span style=\"text-decoration: underline;\"> Dipl\u00f4me de professeure<\/span> de Hatha Yoga\u00a0<\/strong><\/p><p><span style=\"text-decoration: underline;\"><strong>Dipl\u00f4me de Moniteur du yoga des Pharaons<\/strong><\/span><\/p><p><strong>\u00a0sp\u00e9cialis\u00e9 en\u00a0 : <\/strong><\/p><ul><li><strong>Yoga\u00a0 Int\u00e9gral<\/strong><\/li><li><strong>Yoga Egyptien<\/strong><\/li><li><strong>Kung &#8211; Fu<\/strong><\/li><li><strong> Ch&rsquo;I Kong<\/strong><\/li><\/ul><p><strong>Nourrie de\u00a0 ces nombreuses exp\u00e9riences yogiques, je\u00a0 me suis engag\u00e9e dans la voie du yoga \u00e9gyptien afin de promouvoir cette science universelle qui est bas\u00e9e sur l&rsquo;axe vert\u00e9bral, le souffle, la tonicit\u00e9 et l&rsquo;\u00e9quilibre<\/strong><\/p><h3><span style=\"color: #00ccff;\"><strong><u>Mes formations<\/u>\u00a0 \u00a0 \u00a0 \u00a0 <u>compl\u00e9mentaires<\/u> :<\/strong><\/span><\/h3><ul><li><strong>Yoga du son<\/strong><\/li><li><strong>Sonoth\u00e9rapie<\/strong><\/li><li><strong>Yoga pour un soin holistique<\/strong>\u00a0<\/li><li><strong>Yoga sur Chaise<\/strong><\/li><li><strong>Yoga Maternit\u00e9 Pr\u00e9 et Post Natal\u00a0<\/strong><\/li><li><strong>Yoga pour Enfant\u00a0<\/strong><\/li><\/ul>\t\t\t\t\t\t<\/div>\n\t\t\t\t<\/div>\n\t\t\t\t\t<\/div>\n\t\t<\/div>\n\t\t\t\t<div class=\"elementor-column elementor-col-50 elementor-top-column elementor-element elementor-element-184d626\" data-id=\"184d626\" data-element_type=\"column\">\n\t\t\t<div class=\"elementor-widget-wrap elementor-element-populated\">\n\t\t\t\t\t\t<div class=\"elementor-element elementor-element-b5da02f elementor-widget elementor-widget-image\" data-id=\"b5da02f\" data-element_type=\"widget\" data-widget_type=\"image.default\">\n\t\t\t\t<div class=\"elementor-widget-container\">\n\t\t\t\t\t\t\t\t\t\t\t\t\t<img fetchpriority=\"high\" decoding=\"async\" width=\"760\" height=\"528\" src=\"https:\/\/djedmounka-yoga.com\/wp-content\/uploads\/2021\/04\/ramss-ier-en-henou-edit-4-1024x711-1.jpg\" class=\"attachment-large size-large wp-image-90\" alt=\"\" srcset=\"https:\/\/djedmounka-yoga.com\/wp-content\/uploads\/2021\/04\/ramss-ier-en-henou-edit-4-1024x711-1.jpg 1024w, https:\/\/djedmounka-yoga.com\/wp-content\/uploads\/2021\/04\/ramss-ier-en-henou-edit-4-1024x711-1-300x208.jpg 300w, https:\/\/djedmounka-yoga.com\/wp-content\/uploads\/2021\/04\/ramss-ier-en-henou-edit-4-1024x711-1-768x533.jpg 768w\" sizes=\"(max-width: 760px) 100vw, 760px\" \/>\t\t\t\t\t\t\t\t\t\t\t\t\t<\/div>\n\t\t\t\t<\/div>\n\t\t\t\t\t<\/div>\n\t\t<\/div>\n\t\t\t\t\t<\/div>\n\t\t<\/section>\n\t\t\t\t<section class=\"elementor-section elementor-top-section elementor-element elementor-element-1a0b6e1 elementor-section-boxed elementor-section-height-default elementor-section-height-default\" data-id=\"1a0b6e1\" data-element_type=\"section\">\n\t\t\t\t\t\t<div class=\"elementor-container elementor-column-gap-default\">\n\t\t\t\t\t<div class=\"elementor-column elementor-col-50 elementor-top-column elementor-element elementor-element-d989df7\" data-id=\"d989df7\" data-element_type=\"column\">\n\t\t\t<div class=\"elementor-widget-wrap elementor-element-populated\">\n\t\t\t\t\t\t<div class=\"elementor-element elementor-element-522172e elementor-widget elementor-widget-text-editor\" data-id=\"522172e\" data-element_type=\"widget\" data-widget_type=\"text-editor.default\">\n\t\t\t\t<div class=\"elementor-widget-container\">\n\t\t\t\t\t\t\t<h3><span style=\"color: #00ccff;\"><strong><u>Pilier\u00a0 Djed<\/u><\/strong><\/span><\/h3><p>Symbole de la colonne vert\u00e9brale du Dieu Osiris et des quatre piliers qui soutiennent l&rsquo;univers. Les deux circuits \u00e9nerg\u00e9tiques qui s&rsquo;\u00e9l\u00e8vent de son sommet repr\u00e9sentent les deux courants \u00e9nerg\u00e9tiques connus de l&rsquo;Inde \u00ab\u00a0Ida et Pingala\u00a0\u00bb. Dans lesquels circulent l&rsquo;\u00e9nergie pranique qui se croisent et s&rsquo;harmonisent au niveau du chakra du coeur.<\/p>\t\t\t\t\t\t<\/div>\n\t\t\t\t<\/div>\n\t\t\t\t\t<\/div>\n\t\t<\/div>\n\t\t\t\t<div class=\"elementor-column elementor-col-50 elementor-top-column elementor-element elementor-element-033ad88\" data-id=\"033ad88\" data-element_type=\"column\">\n\t\t\t<div class=\"elementor-widget-wrap elementor-element-populated\">\n\t\t\t\t\t\t<div class=\"elementor-element elementor-element-16ddb49 elementor-widget elementor-widget-image\" data-id=\"16ddb49\" data-element_type=\"widget\" data-widget_type=\"image.default\">\n\t\t\t\t<div class=\"elementor-widget-container\">\n\t\t\t\t\t\t\t\t\t\t\t\t\t<img decoding=\"async\" width=\"183\" height=\"275\" src=\"https:\/\/djedmounka-yoga.com\/wp-content\/uploads\/2021\/09\/download.jpg\" class=\"attachment-large size-large wp-image-2385\" alt=\"\" \/>\t\t\t\t\t\t\t\t\t\t\t\t\t<\/div>\n\t\t\t\t<\/div>\n\t\t\t\t\t<\/div>\n\t\t<\/div>\n\t\t\t\t\t<\/div>\n\t\t<\/section>\n\t\t\t\t<section class=\"elementor-section elementor-top-section elementor-element elementor-element-ad2a49f elementor-section-boxed elementor-section-height-default elementor-section-height-default\" data-id=\"ad2a49f\" data-element_type=\"section\">\n\t\t\t\t\t\t<div class=\"elementor-container elementor-column-gap-default\">\n\t\t\t\t\t<div class=\"elementor-column elementor-col-50 elementor-top-column elementor-element elementor-element-864583f\" data-id=\"864583f\" data-element_type=\"column\">\n\t\t\t<div class=\"elementor-widget-wrap elementor-element-populated\">\n\t\t\t\t\t\t\t<\/div>\n\t\t<\/div>\n\t\t\t\t<div class=\"elementor-column elementor-col-50 elementor-top-column elementor-element elementor-element-904df57\" data-id=\"904df57\" data-element_type=\"column\">\n\t\t\t<div class=\"elementor-widget-wrap elementor-element-populated\">\n\t\t\t\t\t\t\t<\/div>\n\t\t<\/div>\n\t\t\t\t\t<\/div>\n\t\t<\/section>\n\t\t\t\t<section class=\"elementor-section elementor-top-section elementor-element elementor-element-9152c9b elementor-section-boxed elementor-section-height-default elementor-section-height-default\" data-id=\"9152c9b\" data-element_type=\"section\">\n\t\t\t\t\t\t<div class=\"elementor-container elementor-column-gap-default\">\n\t\t\t\t\t<div class=\"elementor-column elementor-col-50 elementor-top-column elementor-element elementor-element-d836362\" data-id=\"d836362\" data-element_type=\"column\">\n\t\t\t<div class=\"elementor-widget-wrap elementor-element-populated\">\n\t\t\t\t\t\t<div class=\"elementor-element elementor-element-9d4573c elementor-widget elementor-widget-image\" data-id=\"9d4573c\" data-element_type=\"widget\" data-widget_type=\"image.default\">\n\t\t\t\t<div class=\"elementor-widget-container\">\n\t\t\t\t\t\t\t\t\t\t\t\t\t<img decoding=\"async\" width=\"169\" height=\"300\" src=\"https:\/\/djedmounka-yoga.com\/wp-content\/uploads\/2021\/05\/Nout-posture-du-KA-1.png\" class=\"attachment-medium size-medium wp-image-1000\" alt=\"\" \/>\t\t\t\t\t\t\t\t\t\t\t\t\t<\/div>\n\t\t\t\t<\/div>\n\t\t\t\t\t<\/div>\n\t\t<\/div>\n\t\t\t\t<div class=\"elementor-column elementor-col-50 elementor-top-column elementor-element elementor-element-421e601\" data-id=\"421e601\" data-element_type=\"column\">\n\t\t\t<div class=\"elementor-widget-wrap elementor-element-populated\">\n\t\t\t\t\t\t<div class=\"elementor-element elementor-element-43d237d elementor-widget elementor-widget-text-editor\" data-id=\"43d237d\" data-element_type=\"widget\" data-widget_type=\"text-editor.default\">\n\t\t\t\t<div class=\"elementor-widget-container\">\n\t\t\t\t\t\t\t<h3 class=\"fb-like fb_iframe_widget\" data-href=\"http:\/\/www.martinique.franceantilles.fr\/loisirs\/sortir\/cours-de-yoga-des-pharaons-225639.php\" data-send=\"true\" data-width=\"680\" data-show-faces=\"true\" data-font=\"arial\" data-action=\"recommend\"><span style=\"text-decoration: underline;\"><strong><span style=\"color: #00ccff; text-decoration: underline;\">La posture du chandelier\u00a0<\/span><\/strong><\/span><\/h3><div class=\"fb-like fb_iframe_widget\" data-href=\"http:\/\/www.martinique.franceantilles.fr\/loisirs\/sortir\/cours-de-yoga-des-pharaons-225639.php\" data-send=\"true\" data-width=\"680\" data-show-faces=\"true\" data-font=\"arial\" data-action=\"recommend\"><div class=\"info\"><div class=\"info\">Cette posture est l&rsquo;une des asana fondamentale du yoga \u00e9gyptien. Elle est en lien avec la notion \u00e9sot\u00e9rique du KA . Cette attitude symbolise\u00a0 la victoire et le besoin d&rsquo;unit\u00e9.\u00a0<\/div><div class=\"fb-like fb_iframe_widget\" data-href=\"http:\/\/www.martinique.franceantilles.fr\/loisirs\/sortir\/cours-de-yoga-des-pharaons-225639.php\" data-send=\"true\" data-width=\"680\" data-show-faces=\"true\" data-font=\"arial\" data-action=\"recommend\">L&rsquo;homme debout en chandelier fermement enracin\u00e9 dans le sol, pointe ses mains\u00a0 vers le ciel comme des capteurs d&rsquo;\u00e9nergie cosmique. L&rsquo;homme dans sa verticalit\u00e9 se dresse alors comme une pyramide ou une ob\u00e9lisque vers le ciel.\u00a0 Cette\u00a0 posture sp\u00e9cifique au yoga \u00e9gyptien permet d&rsquo;harmoniser en douceur les deux p\u00f4le de son \u00eatre int\u00e9rieur.<\/div><\/div><\/div>\t\t\t\t\t\t<\/div>\n\t\t\t\t<\/div>\n\t\t\t\t\t<\/div>\n\t\t<\/div>\n\t\t\t\t\t<\/div>\n\t\t<\/section>\n\t\t\t\t<\/div>\n\t\t","protected":false},"excerpt":{"rendered":"<p>Dejdmoun ka Yoga des pharaons Cette association r\u00e9gie par la loi 1901 a \u00e9t\u00e9 cr\u00e9\u00e9 en mars 2020 par Monique FIDOL.\u00a0 Pratiquante depuis 23 ans Dipl\u00f4me de professeure de &hellip;<\/p>\n","protected":false},"author":1,"featured_media":0,"parent":0,"menu_order":0,"comment_status":"closed","ping_status":"closed","template":"","meta":[],"yoast_head":"<!-- This site is optimized with the Yoast SEO plugin v21.1 - https:\/\/yoast.com\/wordpress\/plugins\/seo\/ -->\n<title>Pr\u00e9sentation - djedmounka yoga<\/title>\n<meta name=\"robots\" content=\"index, follow, max-snippet:-1, max-image-preview:large, max-video-preview:-1\" \/>\n<link rel=\"canonical\" href=\"https:\/\/djedmounka-yoga.com\/index.php\/presentation\/\" \/>\n<meta property=\"og:locale\" content=\"fr_FR\" \/>\n<meta property=\"og:type\" content=\"article\" \/>\n<meta property=\"og:title\" content=\"Pr\u00e9sentation - djedmounka yoga\" \/>\n<meta property=\"og:description\" content=\"Dejdmoun ka Yoga des pharaons Cette association r\u00e9gie par la loi 1901 a \u00e9t\u00e9 cr\u00e9\u00e9 en mars 2020 par Monique FIDOL.\u00a0 Pratiquante depuis 23 ans Dipl\u00f4me de professeure de &hellip;\" \/>\n<meta property=\"og:url\" content=\"https:\/\/djedmounka-yoga.com\/index.php\/presentation\/\" \/>\n<meta property=\"og:site_name\" content=\"djedmounka yoga\" \/>\n<meta property=\"article:modified_time\" content=\"2024-10-19T00:17:55+00:00\" \/>\n<meta property=\"og:image\" content=\"https:\/\/djedmounka-yoga.com\/wp-content\/uploads\/2021\/04\/ramss-ier-en-henou-edit-4-1024x711-1.jpg\" \/>\n<meta name=\"twitter:card\" content=\"summary_large_image\" \/>\n<meta name=\"twitter:label1\" content=\"Dur\u00e9e de lecture estim\u00e9e\" \/>\n\t<meta name=\"twitter:data1\" content=\"2 minutes\" \/>\n<script type=\"application\/ld+json\" class=\"yoast-schema-graph\">{\"@context\":\"https:\/\/schema.org\",\"@graph\":[{\"@type\":\"WebPage\",\"@id\":\"https:\/\/djedmounka-yoga.com\/index.php\/presentation\/\",\"url\":\"https:\/\/djedmounka-yoga.com\/index.php\/presentation\/\",\"name\":\"Pr\u00e9sentation - djedmounka yoga\",\"isPartOf\":{\"@id\":\"https:\/\/djedmounka-yoga.com\/#website\"},\"datePublished\":\"2021-04-21T14:12:36+00:00\",\"dateModified\":\"2024-10-19T00:17:55+00:00\",\"breadcrumb\":{\"@id\":\"https:\/\/djedmounka-yoga.com\/index.php\/presentation\/#breadcrumb\"},\"inLanguage\":\"fr-FR\",\"potentialAction\":[{\"@type\":\"ReadAction\",\"target\":[\"https:\/\/djedmounka-yoga.com\/index.php\/presentation\/\"]}]},{\"@type\":\"BreadcrumbList\",\"@id\":\"https:\/\/djedmounka-yoga.com\/index.php\/presentation\/#breadcrumb\",\"itemListElement\":[{\"@type\":\"ListItem\",\"position\":1,\"name\":\"Accueil\",\"item\":\"https:\/\/djedmounka-yoga.com\/\"},{\"@type\":\"ListItem\",\"position\":2,\"name\":\"Pr\u00e9sentation\"}]},{\"@type\":\"WebSite\",\"@id\":\"https:\/\/djedmounka-yoga.com\/#website\",\"url\":\"https:\/\/djedmounka-yoga.com\/\",\"name\":\"djedmounka yoga\",\"description\":\"Djedmoun Ka Yoga des Pharaons\",\"publisher\":{\"@id\":\"https:\/\/djedmounka-yoga.com\/#organization\"},\"potentialAction\":[{\"@type\":\"SearchAction\",\"target\":{\"@type\":\"EntryPoint\",\"urlTemplate\":\"https:\/\/djedmounka-yoga.com\/?s={search_term_string}\"},\"query-input\":\"required name=search_term_string\"}],\"inLanguage\":\"fr-FR\"},{\"@type\":\"Organization\",\"@id\":\"https:\/\/djedmounka-yoga.com\/#organization\",\"name\":\"djedmounka yoga\",\"url\":\"https:\/\/djedmounka-yoga.com\/\",\"logo\":{\"@type\":\"ImageObject\",\"inLanguage\":\"fr-FR\",\"@id\":\"https:\/\/djedmounka-yoga.com\/#\/schema\/logo\/image\/\",\"url\":\"https:\/\/djedmounka-yoga.com\/wp-content\/uploads\/2021\/05\/cropped-LOGO-DENFINITIF-DJEDMOUN-KA-YOGA-DES-PHARAONS-OK.png\",\"contentUrl\":\"https:\/\/djedmounka-yoga.com\/wp-content\/uploads\/2021\/05\/cropped-LOGO-DENFINITIF-DJEDMOUN-KA-YOGA-DES-PHARAONS-OK.png\",\"width\":2435,\"height\":2424,\"caption\":\"djedmounka yoga\"},\"image\":{\"@id\":\"https:\/\/djedmounka-yoga.com\/#\/schema\/logo\/image\/\"}}]}<\/script>\n<!-- \/ Yoast SEO plugin. -->","yoast_head_json":{"title":"Pr\u00e9sentation - djedmounka yoga","robots":{"index":"index","follow":"follow","max-snippet":"max-snippet:-1","max-image-preview":"max-image-preview:large","max-video-preview":"max-video-preview:-1"},"canonical":"https:\/\/djedmounka-yoga.com\/index.php\/presentation\/","og_locale":"fr_FR","og_type":"article","og_title":"Pr\u00e9sentation - djedmounka yoga","og_description":"Dejdmoun ka Yoga des pharaons Cette association r\u00e9gie par la loi 1901 a \u00e9t\u00e9 cr\u00e9\u00e9 en mars 2020 par Monique FIDOL.\u00a0 Pratiquante depuis 23 ans Dipl\u00f4me de professeure de &hellip;","og_url":"https:\/\/djedmounka-yoga.com\/index.php\/presentation\/","og_site_name":"djedmounka yoga","article_modified_time":"2024-10-19T00:17:55+00:00","og_image":[{"url":"https:\/\/djedmounka-yoga.com\/wp-content\/uploads\/2021\/04\/ramss-ier-en-henou-edit-4-1024x711-1.jpg"}],"twitter_card":"summary_large_image","twitter_misc":{"Dur\u00e9e de lecture estim\u00e9e":"2 minutes"},"schema":{"@context":"https:\/\/schema.org","@graph":[{"@type":"WebPage","@id":"https:\/\/djedmounka-yoga.com\/index.php\/presentation\/","url":"https:\/\/djedmounka-yoga.com\/index.php\/presentation\/","name":"Pr\u00e9sentation - djedmounka yoga","isPartOf":{"@id":"https:\/\/djedmounka-yoga.com\/#website"},"datePublished":"2021-04-21T14:12:36+00:00","dateModified":"2024-10-19T00:17:55+00:00","breadcrumb":{"@id":"https:\/\/djedmounka-yoga.com\/index.php\/presentation\/#breadcrumb"},"inLanguage":"fr-FR","potentialAction":[{"@type":"ReadAction","target":["https:\/\/djedmounka-yoga.com\/index.php\/presentation\/"]}]},{"@type":"BreadcrumbList","@id":"https:\/\/djedmounka-yoga.com\/index.php\/presentation\/#breadcrumb","itemListElement":[{"@type":"ListItem","position":1,"name":"Accueil","item":"https:\/\/djedmounka-yoga.com\/"},{"@type":"ListItem","position":2,"name":"Pr\u00e9sentation"}]},{"@type":"WebSite","@id":"https:\/\/djedmounka-yoga.com\/#website","url":"https:\/\/djedmounka-yoga.com\/","name":"djedmounka yoga","description":"Djedmoun Ka Yoga des Pharaons","publisher":{"@id":"https:\/\/djedmounka-yoga.com\/#organization"},"potentialAction":[{"@type":"SearchAction","target":{"@type":"EntryPoint","urlTemplate":"https:\/\/djedmounka-yoga.com\/?s={search_term_string}"},"query-input":"required name=search_term_string"}],"inLanguage":"fr-FR"},{"@type":"Organization","@id":"https:\/\/djedmounka-yoga.com\/#organization","name":"djedmounka yoga","url":"https:\/\/djedmounka-yoga.com\/","logo":{"@type":"ImageObject","inLanguage":"fr-FR","@id":"https:\/\/djedmounka-yoga.com\/#\/schema\/logo\/image\/","url":"https:\/\/djedmounka-yoga.com\/wp-content\/uploads\/2021\/05\/cropped-LOGO-DENFINITIF-DJEDMOUN-KA-YOGA-DES-PHARAONS-OK.png","contentUrl":"https:\/\/djedmounka-yoga.com\/wp-content\/uploads\/2021\/05\/cropped-LOGO-DENFINITIF-DJEDMOUN-KA-YOGA-DES-PHARAONS-OK.png","width":2435,"height":2424,"caption":"djedmounka yoga"},"image":{"@id":"https:\/\/djedmounka-yoga.com\/#\/schema\/logo\/image\/"}}]}},"_links":{"self":[{"href":"https:\/\/djedmounka-yoga.com\/index.php\/wp-json\/wp\/v2\/pages\/134"}],"collection":[{"href":"https:\/\/djedmounka-yoga.com\/index.php\/wp-json\/wp\/v2\/pages"}],"about":[{"href":"https:\/\/djedmounka-yoga.com\/index.php\/wp-json\/wp\/v2\/types\/page"}],"author":[{"embeddable":true,"href":"https:\/\/djedmounka-yoga.com\/index.php\/wp-json\/wp\/v2\/users\/1"}],"replies":[{"embeddable":true,"href":"https:\/\/djedmounka-yoga.com\/index.php\/wp-json\/wp\/v2\/comments?post=134"}],"version-history":[{"count":623,"href":"https:\/\/djedmounka-yoga.com\/index.php\/wp-json\/wp\/v2\/pages\/134\/revisions"}],"predecessor-version":[{"id":3845,"href":"https:\/\/djedmounka-yoga.com\/index.php\/wp-json\/wp\/v2\/pages\/134\/revisions\/3845"}],"wp:attachment":[{"href":"https:\/\/djedmounka-yoga.com\/index.php\/wp-json\/wp\/v2\/media?parent=134"}],"curies":[{"name":"wp","href":"https:\/\/api.w.org\/{rel}","templated":true}]}}