{"id":2666,"date":"2022-05-13T15:32:58","date_gmt":"2022-05-13T13:32:58","guid":{"rendered":"https:\/\/djedmounka-yoga.com\/?page_id=2666"},"modified":"2023-01-27T11:59:27","modified_gmt":"2023-01-27T10:59:27","slug":"retraites-yoga-randonnees","status":"publish","type":"page","link":"https:\/\/djedmounka-yoga.com\/index.php\/retraites-yoga-randonnees\/","title":{"rendered":"Retraites \/ Yoga Randonn\u00e9es"},"content":{"rendered":"\t\t<div data-elementor-type=\"wp-page\" data-elementor-id=\"2666\" class=\"elementor elementor-2666\">\n\t\t\t\t\t\t<section class=\"elementor-section elementor-top-section elementor-element elementor-element-ba0251d elementor-section-boxed elementor-section-height-default elementor-section-height-default\" data-id=\"ba0251d\" data-element_type=\"section\">\n\t\t\t\t\t\t<div class=\"elementor-container elementor-column-gap-default\">\n\t\t\t\t\t<div class=\"elementor-column elementor-col-100 elementor-top-column elementor-element elementor-element-b51f559\" data-id=\"b51f559\" data-element_type=\"column\">\n\t\t\t<div class=\"elementor-widget-wrap elementor-element-populated\">\n\t\t\t\t\t\t<div class=\"elementor-element elementor-element-226e0e5 elementor-widget elementor-widget-image\" data-id=\"226e0e5\" data-element_type=\"widget\" data-widget_type=\"image.default\">\n\t\t\t\t<div class=\"elementor-widget-container\">\n\t\t\t\t\t\t\t\t\t\t\t\t\t<img decoding=\"async\" src=\"https:\/\/djedmounka-yoga.com\/wp-content\/uploads\/2022\/07\/SONOTHERAPIE-78.jpg\" title=\"\" alt=\"\" loading=\"lazy\" \/>\t\t\t\t\t\t\t\t\t\t\t\t\t<\/div>\n\t\t\t\t<\/div>\n\t\t\t\t\t<\/div>\n\t\t<\/div>\n\t\t\t\t\t<\/div>\n\t\t<\/section>\n\t\t\t\t<section class=\"elementor-section elementor-top-section elementor-element elementor-element-ba537a2 elementor-section-boxed elementor-section-height-default elementor-section-height-default\" data-id=\"ba537a2\" data-element_type=\"section\">\n\t\t\t\t\t\t<div class=\"elementor-container elementor-column-gap-default\">\n\t\t\t\t\t<div class=\"elementor-column elementor-col-50 elementor-top-column elementor-element elementor-element-b329575\" data-id=\"b329575\" data-element_type=\"column\">\n\t\t\t<div class=\"elementor-widget-wrap elementor-element-populated\">\n\t\t\t\t\t\t<div class=\"elementor-element elementor-element-964ee4a elementor-widget elementor-widget-heading\" data-id=\"964ee4a\" data-element_type=\"widget\" data-widget_type=\"heading.default\">\n\t\t\t\t<div class=\"elementor-widget-container\">\n\t\t\t<h2 class=\"elementor-heading-title elementor-size-medium\"> Escapade Oxyg\u00e9nante et Vivifiante en\n Baie de Somme \u00e0\n Saint Firmin du Crotoy !\n<\/h2>\t\t<\/div>\n\t\t\t\t<\/div>\n\t\t\t\t\t<\/div>\n\t\t<\/div>\n\t\t\t\t<div class=\"elementor-column elementor-col-25 elementor-top-column elementor-element elementor-element-22fbe45\" data-id=\"22fbe45\" data-element_type=\"column\">\n\t\t\t<div class=\"elementor-widget-wrap elementor-element-populated\">\n\t\t\t\t\t\t<div class=\"elementor-element elementor-element-1de4871 elementor-widget elementor-widget-image\" data-id=\"1de4871\" data-element_type=\"widget\" data-widget_type=\"image.default\">\n\t\t\t\t<div class=\"elementor-widget-container\">\n\t\t\t\t\t\t\t\t\t\t\t\t\t<img fetchpriority=\"high\" decoding=\"async\" width=\"760\" height=\"570\" src=\"https:\/\/djedmounka-yoga.com\/wp-content\/uploads\/2022\/08\/ESCAPADE-MOUVEMENT-DE-L-AIGLE.jpg\" class=\"attachment-large size-large wp-image-2925\" alt=\"\" srcset=\"https:\/\/djedmounka-yoga.com\/wp-content\/uploads\/2022\/08\/ESCAPADE-MOUVEMENT-DE-L-AIGLE.jpg 1024w, https:\/\/djedmounka-yoga.com\/wp-content\/uploads\/2022\/08\/ESCAPADE-MOUVEMENT-DE-L-AIGLE-300x225.jpg 300w, https:\/\/djedmounka-yoga.com\/wp-content\/uploads\/2022\/08\/ESCAPADE-MOUVEMENT-DE-L-AIGLE-768x576.jpg 768w, https:\/\/djedmounka-yoga.com\/wp-content\/uploads\/2022\/08\/ESCAPADE-MOUVEMENT-DE-L-AIGLE-359x269.jpg 359w\" sizes=\"(max-width: 760px) 100vw, 760px\" \/>\t\t\t\t\t\t\t\t\t\t\t\t\t<\/div>\n\t\t\t\t<\/div>\n\t\t\t\t\t<\/div>\n\t\t<\/div>\n\t\t\t\t<div class=\"elementor-column elementor-col-25 elementor-top-column elementor-element elementor-element-0426292\" data-id=\"0426292\" data-element_type=\"column\">\n\t\t\t<div class=\"elementor-widget-wrap elementor-element-populated\">\n\t\t\t\t\t\t<div class=\"elementor-element elementor-element-79714a8 elementor-widget elementor-widget-image\" data-id=\"79714a8\" data-element_type=\"widget\" data-widget_type=\"image.default\">\n\t\t\t\t<div class=\"elementor-widget-container\">\n\t\t\t\t\t\t\t\t\t\t\t\t\t<img decoding=\"async\" width=\"760\" height=\"570\" src=\"https:\/\/djedmounka-yoga.com\/wp-content\/uploads\/2022\/08\/ESCAPADE-EN-PINEDE.jpg\" class=\"attachment-large size-large wp-image-2929\" alt=\"\" srcset=\"https:\/\/djedmounka-yoga.com\/wp-content\/uploads\/2022\/08\/ESCAPADE-EN-PINEDE.jpg 1024w, https:\/\/djedmounka-yoga.com\/wp-content\/uploads\/2022\/08\/ESCAPADE-EN-PINEDE-300x225.jpg 300w, https:\/\/djedmounka-yoga.com\/wp-content\/uploads\/2022\/08\/ESCAPADE-EN-PINEDE-768x576.jpg 768w, https:\/\/djedmounka-yoga.com\/wp-content\/uploads\/2022\/08\/ESCAPADE-EN-PINEDE-359x269.jpg 359w\" sizes=\"(max-width: 760px) 100vw, 760px\" \/>\t\t\t\t\t\t\t\t\t\t\t\t\t<\/div>\n\t\t\t\t<\/div>\n\t\t\t\t\t<\/div>\n\t\t<\/div>\n\t\t\t\t\t<\/div>\n\t\t<\/section>\n\t\t\t\t<section class=\"elementor-section elementor-top-section elementor-element elementor-element-e04af00 elementor-section-boxed elementor-section-height-default elementor-section-height-default\" data-id=\"e04af00\" data-element_type=\"section\">\n\t\t\t\t\t\t<div class=\"elementor-container elementor-column-gap-default\">\n\t\t\t\t\t<div class=\"elementor-column elementor-col-33 elementor-top-column elementor-element elementor-element-f414b76\" data-id=\"f414b76\" data-element_type=\"column\">\n\t\t\t<div class=\"elementor-widget-wrap elementor-element-populated\">\n\t\t\t\t\t\t<div class=\"elementor-element elementor-element-b947bf7 elementor-widget elementor-widget-image\" data-id=\"b947bf7\" data-element_type=\"widget\" data-widget_type=\"image.default\">\n\t\t\t\t<div class=\"elementor-widget-container\">\n\t\t\t\t\t\t\t\t\t\t\t\t\t<img decoding=\"async\" width=\"760\" height=\"570\" src=\"https:\/\/djedmounka-yoga.com\/wp-content\/uploads\/2022\/08\/PHOTO-ESCAPADE-1.jpg\" class=\"attachment-large size-large wp-image-2939\" alt=\"\" srcset=\"https:\/\/djedmounka-yoga.com\/wp-content\/uploads\/2022\/08\/PHOTO-ESCAPADE-1.jpg 1024w, https:\/\/djedmounka-yoga.com\/wp-content\/uploads\/2022\/08\/PHOTO-ESCAPADE-1-300x225.jpg 300w, https:\/\/djedmounka-yoga.com\/wp-content\/uploads\/2022\/08\/PHOTO-ESCAPADE-1-768x576.jpg 768w, https:\/\/djedmounka-yoga.com\/wp-content\/uploads\/2022\/08\/PHOTO-ESCAPADE-1-359x269.jpg 359w\" sizes=\"(max-width: 760px) 100vw, 760px\" \/>\t\t\t\t\t\t\t\t\t\t\t\t\t<\/div>\n\t\t\t\t<\/div>\n\t\t\t\t\t<\/div>\n\t\t<\/div>\n\t\t\t\t<div class=\"elementor-column elementor-col-33 elementor-top-column elementor-element elementor-element-decb7c2\" data-id=\"decb7c2\" data-element_type=\"column\">\n\t\t\t<div class=\"elementor-widget-wrap elementor-element-populated\">\n\t\t\t\t\t\t<div class=\"elementor-element elementor-element-6aafa46 elementor-widget elementor-widget-image\" data-id=\"6aafa46\" data-element_type=\"widget\" data-widget_type=\"image.default\">\n\t\t\t\t<div class=\"elementor-widget-container\">\n\t\t\t\t\t\t\t\t\t\t\t\t\t<img loading=\"lazy\" decoding=\"async\" width=\"760\" height=\"570\" src=\"https:\/\/djedmounka-yoga.com\/wp-content\/uploads\/2022\/08\/ESCAPADE-MOUVEMENT-DE-L-AIGLE-1.jpg\" class=\"attachment-large size-large wp-image-2943\" alt=\"\" srcset=\"https:\/\/djedmounka-yoga.com\/wp-content\/uploads\/2022\/08\/ESCAPADE-MOUVEMENT-DE-L-AIGLE-1.jpg 1024w, https:\/\/djedmounka-yoga.com\/wp-content\/uploads\/2022\/08\/ESCAPADE-MOUVEMENT-DE-L-AIGLE-1-300x225.jpg 300w, https:\/\/djedmounka-yoga.com\/wp-content\/uploads\/2022\/08\/ESCAPADE-MOUVEMENT-DE-L-AIGLE-1-768x576.jpg 768w, https:\/\/djedmounka-yoga.com\/wp-content\/uploads\/2022\/08\/ESCAPADE-MOUVEMENT-DE-L-AIGLE-1-359x269.jpg 359w\" sizes=\"(max-width: 760px) 100vw, 760px\" \/>\t\t\t\t\t\t\t\t\t\t\t\t\t<\/div>\n\t\t\t\t<\/div>\n\t\t\t\t\t<\/div>\n\t\t<\/div>\n\t\t\t\t<div class=\"elementor-column elementor-col-33 elementor-top-column elementor-element elementor-element-519533c\" data-id=\"519533c\" data-element_type=\"column\">\n\t\t\t<div class=\"elementor-widget-wrap elementor-element-populated\">\n\t\t\t\t\t\t<div class=\"elementor-element elementor-element-b27a61b elementor-widget elementor-widget-image\" data-id=\"b27a61b\" data-element_type=\"widget\" data-widget_type=\"image.default\">\n\t\t\t\t<div class=\"elementor-widget-container\">\n\t\t\t\t\t\t\t\t\t\t\t\t\t<img loading=\"lazy\" decoding=\"async\" width=\"760\" height=\"570\" src=\"https:\/\/djedmounka-yoga.com\/wp-content\/uploads\/2022\/08\/Jacqueline-et-Jean-Pierre-PHOTO-2022-08-16-14-40-07-4-1.jpg\" class=\"attachment-large size-large wp-image-3480\" alt=\"\" srcset=\"https:\/\/djedmounka-yoga.com\/wp-content\/uploads\/2022\/08\/Jacqueline-et-Jean-Pierre-PHOTO-2022-08-16-14-40-07-4-1.jpg 1024w, https:\/\/djedmounka-yoga.com\/wp-content\/uploads\/2022\/08\/Jacqueline-et-Jean-Pierre-PHOTO-2022-08-16-14-40-07-4-1-300x225.jpg 300w, https:\/\/djedmounka-yoga.com\/wp-content\/uploads\/2022\/08\/Jacqueline-et-Jean-Pierre-PHOTO-2022-08-16-14-40-07-4-1-768x576.jpg 768w, https:\/\/djedmounka-yoga.com\/wp-content\/uploads\/2022\/08\/Jacqueline-et-Jean-Pierre-PHOTO-2022-08-16-14-40-07-4-1-359x269.jpg 359w\" sizes=\"(max-width: 760px) 100vw, 760px\" \/>\t\t\t\t\t\t\t\t\t\t\t\t\t<\/div>\n\t\t\t\t<\/div>\n\t\t\t\t\t<\/div>\n\t\t<\/div>\n\t\t\t\t\t<\/div>\n\t\t<\/section>\n\t\t\t\t<section class=\"elementor-section elementor-top-section elementor-element elementor-element-281db47 elementor-section-boxed elementor-section-height-default elementor-section-height-default\" data-id=\"281db47\" data-element_type=\"section\">\n\t\t\t\t\t\t<div class=\"elementor-container elementor-column-gap-default\">\n\t\t\t\t\t<div class=\"elementor-column elementor-col-33 elementor-top-column elementor-element elementor-element-1e5da87\" data-id=\"1e5da87\" data-element_type=\"column\">\n\t\t\t<div class=\"elementor-widget-wrap elementor-element-populated\">\n\t\t\t\t\t\t<div class=\"elementor-element elementor-element-5445c28 elementor-widget elementor-widget-image\" data-id=\"5445c28\" data-element_type=\"widget\" data-widget_type=\"image.default\">\n\t\t\t\t<div class=\"elementor-widget-container\">\n\t\t\t\t\t\t\t\t\t\t\t\t\t<img loading=\"lazy\" decoding=\"async\" width=\"760\" height=\"570\" src=\"https:\/\/djedmounka-yoga.com\/wp-content\/uploads\/2022\/08\/ESCAPA-PHOTO-2022-06-19-18-31-23-1-1.jpg\" class=\"attachment-large size-large wp-image-3321\" alt=\"\" srcset=\"https:\/\/djedmounka-yoga.com\/wp-content\/uploads\/2022\/08\/ESCAPA-PHOTO-2022-06-19-18-31-23-1-1.jpg 1024w, https:\/\/djedmounka-yoga.com\/wp-content\/uploads\/2022\/08\/ESCAPA-PHOTO-2022-06-19-18-31-23-1-1-300x225.jpg 300w, https:\/\/djedmounka-yoga.com\/wp-content\/uploads\/2022\/08\/ESCAPA-PHOTO-2022-06-19-18-31-23-1-1-768x576.jpg 768w, https:\/\/djedmounka-yoga.com\/wp-content\/uploads\/2022\/08\/ESCAPA-PHOTO-2022-06-19-18-31-23-1-1-359x269.jpg 359w\" sizes=\"(max-width: 760px) 100vw, 760px\" \/>\t\t\t\t\t\t\t\t\t\t\t\t\t<\/div>\n\t\t\t\t<\/div>\n\t\t\t\t\t<\/div>\n\t\t<\/div>\n\t\t\t\t<div class=\"elementor-column elementor-col-33 elementor-top-column elementor-element elementor-element-3204fe9\" data-id=\"3204fe9\" data-element_type=\"column\">\n\t\t\t<div class=\"elementor-widget-wrap elementor-element-populated\">\n\t\t\t\t\t\t<div class=\"elementor-element elementor-element-654ff53 elementor-widget elementor-widget-image\" data-id=\"654ff53\" data-element_type=\"widget\" data-widget_type=\"image.default\">\n\t\t\t\t<div class=\"elementor-widget-container\">\n\t\t\t\t\t\t\t\t\t\t\t\t\t<img loading=\"lazy\" decoding=\"async\" width=\"300\" height=\"225\" src=\"https:\/\/djedmounka-yoga.com\/wp-content\/uploads\/2022\/08\/ESCAPADE-RELAXATION-PINEDE-3-300x225.jpg\" class=\"attachment-medium size-medium wp-image-3449\" alt=\"\" srcset=\"https:\/\/djedmounka-yoga.com\/wp-content\/uploads\/2022\/08\/ESCAPADE-RELAXATION-PINEDE-3-300x225.jpg 300w, https:\/\/djedmounka-yoga.com\/wp-content\/uploads\/2022\/08\/ESCAPADE-RELAXATION-PINEDE-3-768x576.jpg 768w, https:\/\/djedmounka-yoga.com\/wp-content\/uploads\/2022\/08\/ESCAPADE-RELAXATION-PINEDE-3-359x269.jpg 359w, https:\/\/djedmounka-yoga.com\/wp-content\/uploads\/2022\/08\/ESCAPADE-RELAXATION-PINEDE-3.jpg 1024w\" sizes=\"(max-width: 300px) 100vw, 300px\" \/>\t\t\t\t\t\t\t\t\t\t\t\t\t<\/div>\n\t\t\t\t<\/div>\n\t\t\t\t\t<\/div>\n\t\t<\/div>\n\t\t\t\t<div class=\"elementor-column elementor-col-33 elementor-top-column elementor-element elementor-element-0aca3c8\" data-id=\"0aca3c8\" data-element_type=\"column\">\n\t\t\t<div class=\"elementor-widget-wrap elementor-element-populated\">\n\t\t\t\t\t\t<div class=\"elementor-element elementor-element-847dbe8 elementor-widget elementor-widget-image\" data-id=\"847dbe8\" data-element_type=\"widget\" data-widget_type=\"image.default\">\n\t\t\t\t<div class=\"elementor-widget-container\">\n\t\t\t\t\t\t\t\t\t\t\t\t\t<img loading=\"lazy\" decoding=\"async\" width=\"760\" height=\"570\" src=\"https:\/\/djedmounka-yoga.com\/wp-content\/uploads\/2022\/08\/Jacqueline-et-Jean-Pierre-PHOTO-2022-06-19-18-29-45-1.jpg\" class=\"attachment-large size-large wp-image-3548\" alt=\"\" srcset=\"https:\/\/djedmounka-yoga.com\/wp-content\/uploads\/2022\/08\/Jacqueline-et-Jean-Pierre-PHOTO-2022-06-19-18-29-45-1.jpg 1024w, https:\/\/djedmounka-yoga.com\/wp-content\/uploads\/2022\/08\/Jacqueline-et-Jean-Pierre-PHOTO-2022-06-19-18-29-45-1-300x225.jpg 300w, https:\/\/djedmounka-yoga.com\/wp-content\/uploads\/2022\/08\/Jacqueline-et-Jean-Pierre-PHOTO-2022-06-19-18-29-45-1-768x576.jpg 768w, https:\/\/djedmounka-yoga.com\/wp-content\/uploads\/2022\/08\/Jacqueline-et-Jean-Pierre-PHOTO-2022-06-19-18-29-45-1-359x269.jpg 359w\" sizes=\"(max-width: 760px) 100vw, 760px\" \/>\t\t\t\t\t\t\t\t\t\t\t\t\t<\/div>\n\t\t\t\t<\/div>\n\t\t\t\t\t<\/div>\n\t\t<\/div>\n\t\t\t\t\t<\/div>\n\t\t<\/section>\n\t\t\t\t<section class=\"elementor-section elementor-top-section elementor-element elementor-element-95b6400 elementor-section-boxed elementor-section-height-default elementor-section-height-default\" data-id=\"95b6400\" data-element_type=\"section\">\n\t\t\t\t\t\t<div class=\"elementor-container elementor-column-gap-default\">\n\t\t\t\t\t<div class=\"elementor-column elementor-col-100 elementor-top-column elementor-element elementor-element-fcb4bdc\" data-id=\"fcb4bdc\" data-element_type=\"column\">\n\t\t\t<div class=\"elementor-widget-wrap elementor-element-populated\">\n\t\t\t\t\t\t<div class=\"elementor-element elementor-element-1fda7d2 elementor-widget elementor-widget-image\" data-id=\"1fda7d2\" data-element_type=\"widget\" data-widget_type=\"image.default\">\n\t\t\t\t<div class=\"elementor-widget-container\">\n\t\t\t\t\t\t\t\t\t\t\t\t\t<img loading=\"lazy\" decoding=\"async\" width=\"576\" height=\"1024\" src=\"https:\/\/djedmounka-yoga.com\/wp-content\/uploads\/2022\/08\/PHOTO-2022-PINEDE.jpg\" class=\"attachment-medium_large size-medium_large wp-image-3490\" alt=\"\" srcset=\"https:\/\/djedmounka-yoga.com\/wp-content\/uploads\/2022\/08\/PHOTO-2022-PINEDE.jpg 576w, https:\/\/djedmounka-yoga.com\/wp-content\/uploads\/2022\/08\/PHOTO-2022-PINEDE-169x300.jpg 169w\" sizes=\"(max-width: 576px) 100vw, 576px\" \/>\t\t\t\t\t\t\t\t\t\t\t\t\t<\/div>\n\t\t\t\t<\/div>\n\t\t\t\t\t<\/div>\n\t\t<\/div>\n\t\t\t\t\t<\/div>\n\t\t<\/section>\n\t\t\t\t<\/div>\n\t\t","protected":false},"excerpt":{"rendered":"<p>Escapade Oxyg\u00e9nante et Vivifiante en Baie de Somme \u00e0 Saint Firmin du Crotoy !<\/p>\n","protected":false},"author":1,"featured_media":0,"parent":0,"menu_order":0,"comment_status":"closed","ping_status":"closed","template":"","meta":[],"yoast_head":"<!-- This site is optimized with the Yoast SEO plugin v21.1 - https:\/\/yoast.com\/wordpress\/plugins\/seo\/ -->\n<title>Retraites \/ Yoga Randonn\u00e9es - djedmounka yoga<\/title>\n<meta name=\"robots\" content=\"index, follow, max-snippet:-1, max-image-preview:large, max-video-preview:-1\" \/>\n<link rel=\"canonical\" href=\"https:\/\/djedmounka-yoga.com\/index.php\/retraites-yoga-randonnees\/\" \/>\n<meta property=\"og:locale\" content=\"fr_FR\" \/>\n<meta property=\"og:type\" content=\"article\" \/>\n<meta property=\"og:title\" content=\"Retraites \/ Yoga Randonn\u00e9es - djedmounka yoga\" \/>\n<meta property=\"og:description\" content=\"Escapade Oxyg\u00e9nante et Vivifiante en Baie de Somme \u00e0 Saint Firmin du Crotoy !\" \/>\n<meta property=\"og:url\" content=\"https:\/\/djedmounka-yoga.com\/index.php\/retraites-yoga-randonnees\/\" \/>\n<meta property=\"og:site_name\" content=\"djedmounka yoga\" \/>\n<meta property=\"article:modified_time\" content=\"2023-01-27T10:59:27+00:00\" \/>\n<meta property=\"og:image\" content=\"https:\/\/djedmounka-yoga.com\/wp-content\/uploads\/2022\/07\/SONOTHERAPIE-78.jpg\" \/>\n<meta name=\"twitter:card\" content=\"summary_large_image\" \/>\n<meta name=\"twitter:label1\" content=\"Dur\u00e9e de lecture estim\u00e9e\" \/>\n\t<meta name=\"twitter:data1\" content=\"3 minutes\" \/>\n<script type=\"application\/ld+json\" class=\"yoast-schema-graph\">{\"@context\":\"https:\/\/schema.org\",\"@graph\":[{\"@type\":\"WebPage\",\"@id\":\"https:\/\/djedmounka-yoga.com\/index.php\/retraites-yoga-randonnees\/\",\"url\":\"https:\/\/djedmounka-yoga.com\/index.php\/retraites-yoga-randonnees\/\",\"name\":\"Retraites \/ Yoga Randonn\u00e9es - djedmounka yoga\",\"isPartOf\":{\"@id\":\"https:\/\/djedmounka-yoga.com\/#website\"},\"datePublished\":\"2022-05-13T13:32:58+00:00\",\"dateModified\":\"2023-01-27T10:59:27+00:00\",\"breadcrumb\":{\"@id\":\"https:\/\/djedmounka-yoga.com\/index.php\/retraites-yoga-randonnees\/#breadcrumb\"},\"inLanguage\":\"fr-FR\",\"potentialAction\":[{\"@type\":\"ReadAction\",\"target\":[\"https:\/\/djedmounka-yoga.com\/index.php\/retraites-yoga-randonnees\/\"]}]},{\"@type\":\"BreadcrumbList\",\"@id\":\"https:\/\/djedmounka-yoga.com\/index.php\/retraites-yoga-randonnees\/#breadcrumb\",\"itemListElement\":[{\"@type\":\"ListItem\",\"position\":1,\"name\":\"Accueil\",\"item\":\"https:\/\/djedmounka-yoga.com\/\"},{\"@type\":\"ListItem\",\"position\":2,\"name\":\"Retraites \/ Yoga Randonn\u00e9es\"}]},{\"@type\":\"WebSite\",\"@id\":\"https:\/\/djedmounka-yoga.com\/#website\",\"url\":\"https:\/\/djedmounka-yoga.com\/\",\"name\":\"djedmounka yoga\",\"description\":\"Djedmoun Ka Yoga des Pharaons\",\"publisher\":{\"@id\":\"https:\/\/djedmounka-yoga.com\/#organization\"},\"potentialAction\":[{\"@type\":\"SearchAction\",\"target\":{\"@type\":\"EntryPoint\",\"urlTemplate\":\"https:\/\/djedmounka-yoga.com\/?s={search_term_string}\"},\"query-input\":\"required name=search_term_string\"}],\"inLanguage\":\"fr-FR\"},{\"@type\":\"Organization\",\"@id\":\"https:\/\/djedmounka-yoga.com\/#organization\",\"name\":\"djedmounka yoga\",\"url\":\"https:\/\/djedmounka-yoga.com\/\",\"logo\":{\"@type\":\"ImageObject\",\"inLanguage\":\"fr-FR\",\"@id\":\"https:\/\/djedmounka-yoga.com\/#\/schema\/logo\/image\/\",\"url\":\"https:\/\/djedmounka-yoga.com\/wp-content\/uploads\/2021\/05\/cropped-LOGO-DENFINITIF-DJEDMOUN-KA-YOGA-DES-PHARAONS-OK.png\",\"contentUrl\":\"https:\/\/djedmounka-yoga.com\/wp-content\/uploads\/2021\/05\/cropped-LOGO-DENFINITIF-DJEDMOUN-KA-YOGA-DES-PHARAONS-OK.png\",\"width\":2435,\"height\":2424,\"caption\":\"djedmounka yoga\"},\"image\":{\"@id\":\"https:\/\/djedmounka-yoga.com\/#\/schema\/logo\/image\/\"}}]}<\/script>\n<!-- \/ Yoast SEO plugin. -->","yoast_head_json":{"title":"Retraites \/ Yoga Randonn\u00e9es - djedmounka yoga","robots":{"index":"index","follow":"follow","max-snippet":"max-snippet:-1","max-image-preview":"max-image-preview:large","max-video-preview":"max-video-preview:-1"},"canonical":"https:\/\/djedmounka-yoga.com\/index.php\/retraites-yoga-randonnees\/","og_locale":"fr_FR","og_type":"article","og_title":"Retraites \/ Yoga Randonn\u00e9es - djedmounka yoga","og_description":"Escapade Oxyg\u00e9nante et Vivifiante en Baie de Somme \u00e0 Saint Firmin du Crotoy !","og_url":"https:\/\/djedmounka-yoga.com\/index.php\/retraites-yoga-randonnees\/","og_site_name":"djedmounka yoga","article_modified_time":"2023-01-27T10:59:27+00:00","og_image":[{"url":"https:\/\/djedmounka-yoga.com\/wp-content\/uploads\/2022\/07\/SONOTHERAPIE-78.jpg"}],"twitter_card":"summary_large_image","twitter_misc":{"Dur\u00e9e de lecture estim\u00e9e":"3 minutes"},"schema":{"@context":"https:\/\/schema.org","@graph":[{"@type":"WebPage","@id":"https:\/\/djedmounka-yoga.com\/index.php\/retraites-yoga-randonnees\/","url":"https:\/\/djedmounka-yoga.com\/index.php\/retraites-yoga-randonnees\/","name":"Retraites \/ Yoga Randonn\u00e9es - djedmounka yoga","isPartOf":{"@id":"https:\/\/djedmounka-yoga.com\/#website"},"datePublished":"2022-05-13T13:32:58+00:00","dateModified":"2023-01-27T10:59:27+00:00","breadcrumb":{"@id":"https:\/\/djedmounka-yoga.com\/index.php\/retraites-yoga-randonnees\/#breadcrumb"},"inLanguage":"fr-FR","potentialAction":[{"@type":"ReadAction","target":["https:\/\/djedmounka-yoga.com\/index.php\/retraites-yoga-randonnees\/"]}]},{"@type":"BreadcrumbList","@id":"https:\/\/djedmounka-yoga.com\/index.php\/retraites-yoga-randonnees\/#breadcrumb","itemListElement":[{"@type":"ListItem","position":1,"name":"Accueil","item":"https:\/\/djedmounka-yoga.com\/"},{"@type":"ListItem","position":2,"name":"Retraites \/ Yoga Randonn\u00e9es"}]},{"@type":"WebSite","@id":"https:\/\/djedmounka-yoga.com\/#website","url":"https:\/\/djedmounka-yoga.com\/","name":"djedmounka yoga","description":"Djedmoun Ka Yoga des Pharaons","publisher":{"@id":"https:\/\/djedmounka-yoga.com\/#organization"},"potentialAction":[{"@type":"SearchAction","target":{"@type":"EntryPoint","urlTemplate":"https:\/\/djedmounka-yoga.com\/?s={search_term_string}"},"query-input":"required name=search_term_string"}],"inLanguage":"fr-FR"},{"@type":"Organization","@id":"https:\/\/djedmounka-yoga.com\/#organization","name":"djedmounka yoga","url":"https:\/\/djedmounka-yoga.com\/","logo":{"@type":"ImageObject","inLanguage":"fr-FR","@id":"https:\/\/djedmounka-yoga.com\/#\/schema\/logo\/image\/","url":"https:\/\/djedmounka-yoga.com\/wp-content\/uploads\/2021\/05\/cropped-LOGO-DENFINITIF-DJEDMOUN-KA-YOGA-DES-PHARAONS-OK.png","contentUrl":"https:\/\/djedmounka-yoga.com\/wp-content\/uploads\/2021\/05\/cropped-LOGO-DENFINITIF-DJEDMOUN-KA-YOGA-DES-PHARAONS-OK.png","width":2435,"height":2424,"caption":"djedmounka yoga"},"image":{"@id":"https:\/\/djedmounka-yoga.com\/#\/schema\/logo\/image\/"}}]}},"_links":{"self":[{"href":"https:\/\/djedmounka-yoga.com\/index.php\/wp-json\/wp\/v2\/pages\/2666"}],"collection":[{"href":"https:\/\/djedmounka-yoga.com\/index.php\/wp-json\/wp\/v2\/pages"}],"about":[{"href":"https:\/\/djedmounka-yoga.com\/index.php\/wp-json\/wp\/v2\/types\/page"}],"author":[{"embeddable":true,"href":"https:\/\/djedmounka-yoga.com\/index.php\/wp-json\/wp\/v2\/users\/1"}],"replies":[{"embeddable":true,"href":"https:\/\/djedmounka-yoga.com\/index.php\/wp-json\/wp\/v2\/comments?post=2666"}],"version-history":[{"count":550,"href":"https:\/\/djedmounka-yoga.com\/index.php\/wp-json\/wp\/v2\/pages\/2666\/revisions"}],"predecessor-version":[{"id":3774,"href":"https:\/\/djedmounka-yoga.com\/index.php\/wp-json\/wp\/v2\/pages\/2666\/revisions\/3774"}],"wp:attachment":[{"href":"https:\/\/djedmounka-yoga.com\/index.php\/wp-json\/wp\/v2\/media?parent=2666"}],"curies":[{"name":"wp","href":"https:\/\/api.w.org\/{rel}","templated":true}]}}